{"id":5799,"date":"2020-03-12T09:46:24","date_gmt":"2020-03-12T09:46:24","guid":{"rendered":"http:\/\/heidenerstrasse.de\/?page_id=5799"},"modified":"2023-03-17T12:10:11","modified_gmt":"2023-03-17T12:10:11","slug":"archiv","status":"publish","type":"page","link":"https:\/\/heidenerstrasse.de\/?page_id=5799","title":{"rendered":"Archiv"},"content":{"rendered":"\t\t<div data-elementor-type=\"wp-page\" data-elementor-id=\"5799\" class=\"elementor elementor-5799\">\n\t\t\t\t\t\t<section class=\"elementor-section elementor-top-section elementor-element elementor-element-5ba4211 elementor-section-boxed elementor-section-height-default elementor-section-height-default\" data-id=\"5ba4211\" data-element_type=\"section\" data-e-type=\"section\">\n\t\t\t\t\t\t<div class=\"elementor-container elementor-column-gap-default\">\n\t\t\t\t\t<div class=\"elementor-column elementor-col-100 elementor-top-column elementor-element elementor-element-2938be8\" data-id=\"2938be8\" data-element_type=\"column\" data-e-type=\"column\">\n\t\t\t<div class=\"elementor-widget-wrap elementor-element-populated\">\n\t\t\t\t\t\t<div class=\"elementor-element elementor-element-72a7168 elementor-widget elementor-widget-image\" data-id=\"72a7168\" data-element_type=\"widget\" data-e-type=\"widget\" data-widget_type=\"image.default\">\n\t\t\t\t<div class=\"elementor-widget-container\">\n\t\t\t\t\t\t\t\t\t\t\t\t\t\t\t<img decoding=\"async\" src=\"https:\/\/heidenerstrasse.de\/wp-content\/uploads\/elementor\/thumbs\/Bildmotiv-Archiv-Aktenreihe-oo73k02wwhbgq3do6jde5y8pncxq2tb9khn4knty70.jpg\" title=\"Bildmotiv Archiv &#8211; Aktenreihe\" alt=\"Bildmotiv Archiv - Aktenreihe\" loading=\"lazy\" \/>\t\t\t\t\t\t\t\t\t\t\t\t\t\t\t<\/div>\n\t\t\t\t<\/div>\n\t\t\t\t<div class=\"elementor-element elementor-element-3a42a83 elementor-widget elementor-widget-heading\" data-id=\"3a42a83\" data-element_type=\"widget\" data-e-type=\"widget\" data-widget_type=\"heading.default\">\n\t\t\t\t<div class=\"elementor-widget-container\">\n\t\t\t\t\t<h5 class=\"elementor-heading-title elementor-size-default\">Hier sind neben der Nachbarschaftspost auch viele interessante Dokumente zum Lesen, St\u00f6bern, Download hinterlegt. (Einfach drauf klicken und es \u00f6ffnet sich das Dokument)\n<\/h5>\t\t\t\t<\/div>\n\t\t\t\t<\/div>\n\t\t\t\t<div class=\"elementor-element elementor-element-5ac8627 elementor-widget elementor-widget-accordion\" data-id=\"5ac8627\" data-element_type=\"widget\" data-e-type=\"widget\" data-settings=\"{&quot;_animation&quot;:&quot;none&quot;}\" data-widget_type=\"accordion.default\">\n\t\t\t\t<div class=\"elementor-widget-container\">\n\t\t\t\t\t\t\t<div class=\"elementor-accordion\">\n\t\t\t\t\t\t\t<div class=\"elementor-accordion-item\">\n\t\t\t\t\t<div id=\"elementor-tab-title-9511\" class=\"elementor-tab-title\" data-tab=\"1\" role=\"button\" aria-controls=\"elementor-tab-content-9511\" aria-expanded=\"false\">\n\t\t\t\t\t\t\t\t\t\t\t\t\t<span class=\"elementor-accordion-icon elementor-accordion-icon-left\" aria-hidden=\"true\">\n\t\t\t\t\t\t\t\t\t\t\t\t\t\t\t<span class=\"elementor-accordion-icon-closed\"><i class=\"fas fa-chevron-circle-down\"><\/i><\/span>\n\t\t\t\t\t\t\t\t<span class=\"elementor-accordion-icon-opened\"><i class=\"fas fa-minus-circle\"><\/i><\/span>\n\t\t\t\t\t\t\t\t\t\t\t\t\t\t<\/span>\n\t\t\t\t\t\t\t\t\t\t\t\t<a class=\"elementor-accordion-title\" tabindex=\"0\">Gesch\u00e4ftsordnung &Satzung<\/a>\n\t\t\t\t\t<\/div>\n\t\t\t\t\t<div id=\"elementor-tab-content-9511\" class=\"elementor-tab-content elementor-clearfix\" data-tab=\"1\" role=\"region\" aria-labelledby=\"elementor-tab-title-9511\"><p><a href=\"http:\/\/heidenerstrasse.de\/wp-content\/uploads\/2019\/12\/Nb-Gesch\u00e4ftsordnung-11_11_2016-\u00c4.pdf\">Gesch\u00e4ftsordnung<\/a><\/p><p><a href=\"http:\/\/heidenerstrasse.de\/wp-content\/uploads\/2019\/12\/Nb-Satzung-2016-11-11.pdf\">Satzung<\/a><\/p><p><a href=\"https:\/\/heidenerstrasse.de\/wp-content\/uploads\/2023\/03\/Datenschutz_neu.xlsx\">Datenschutz<\/a><\/p><\/div>\n\t\t\t\t<\/div>\n\t\t\t\t\t\t\t<div class=\"elementor-accordion-item\">\n\t\t\t\t\t<div id=\"elementor-tab-title-9512\" class=\"elementor-tab-title\" data-tab=\"2\" role=\"button\" aria-controls=\"elementor-tab-content-9512\" aria-expanded=\"false\">\n\t\t\t\t\t\t\t\t\t\t\t\t\t<span class=\"elementor-accordion-icon elementor-accordion-icon-left\" aria-hidden=\"true\">\n\t\t\t\t\t\t\t\t\t\t\t\t\t\t\t<span class=\"elementor-accordion-icon-closed\"><i class=\"fas fa-chevron-circle-down\"><\/i><\/span>\n\t\t\t\t\t\t\t\t<span class=\"elementor-accordion-icon-opened\"><i class=\"fas fa-minus-circle\"><\/i><\/span>\n\t\t\t\t\t\t\t\t\t\t\t\t\t\t<\/span>\n\t\t\t\t\t\t\t\t\t\t\t\t<a class=\"elementor-accordion-title\" tabindex=\"0\">Mitgliedsantrag & Mitgliederbrosch\u00fcre<\/a>\n\t\t\t\t\t<\/div>\n\t\t\t\t\t<div id=\"elementor-tab-content-9512\" class=\"elementor-tab-content elementor-clearfix\" data-tab=\"2\" role=\"region\" aria-labelledby=\"elementor-tab-title-9512\"><p><a href=\"http:\/\/heidenerstrasse.de\/wp-content\/uploads\/2023\/02\/Mitgliedsantrag-u.-Lastschriftmandat-Nachbarschaft-Heidenerstrasse-Busskoenning-Hook-Stand-01_23.pdf\">Mitgliedsantrag u. Lastschriftmandat Nachbarschaft Heidenerstrasse Bu\u00dfk\u00f6nning Hook<\/a><\/p><p><a href=\"http:\/\/heidenerstrasse.de\/wp-content\/uploads\/2020\/08\/Werbebrosch\u00fcre-f\u00fcr-Nachbarschaftsmitglieder-2020.pdf\">Werbebrosch\u00fcre f\u00fcr Nachbarschaftsmitglieder 2020<\/a><\/p><\/div>\n\t\t\t\t<\/div>\n\t\t\t\t\t\t\t<div class=\"elementor-accordion-item\">\n\t\t\t\t\t<div id=\"elementor-tab-title-9513\" class=\"elementor-tab-title\" data-tab=\"3\" role=\"button\" aria-controls=\"elementor-tab-content-9513\" aria-expanded=\"false\">\n\t\t\t\t\t\t\t\t\t\t\t\t\t<span class=\"elementor-accordion-icon elementor-accordion-icon-left\" aria-hidden=\"true\">\n\t\t\t\t\t\t\t\t\t\t\t\t\t\t\t<span class=\"elementor-accordion-icon-closed\"><i class=\"fas fa-chevron-circle-down\"><\/i><\/span>\n\t\t\t\t\t\t\t\t<span class=\"elementor-accordion-icon-opened\"><i class=\"fas fa-minus-circle\"><\/i><\/span>\n\t\t\t\t\t\t\t\t\t\t\t\t\t\t<\/span>\n\t\t\t\t\t\t\t\t\t\t\t\t<a class=\"elementor-accordion-title\" tabindex=\"0\">Nachbarschaftslied<\/a>\n\t\t\t\t\t<\/div>\n\t\t\t\t\t<div id=\"elementor-tab-content-9513\" class=\"elementor-tab-content elementor-clearfix\" data-tab=\"3\" role=\"region\" aria-labelledby=\"elementor-tab-title-9513\"><p><a href=\"http:\/\/heidenerstrasse.de\/wp-content\/uploads\/2020\/04\/NACHBARSCHAFTSLIED-HEIDENER-STRASSE-BUSSK\u00d6NNING-HOOK.pdf\">Nachbarschaftslied Heidener Str.\/ Bussk\u00f6nning- Hook<\/a><\/p><\/div>\n\t\t\t\t<\/div>\n\t\t\t\t\t\t\t<div class=\"elementor-accordion-item\">\n\t\t\t\t\t<div id=\"elementor-tab-title-9514\" class=\"elementor-tab-title\" data-tab=\"4\" role=\"button\" aria-controls=\"elementor-tab-content-9514\" aria-expanded=\"false\">\n\t\t\t\t\t\t\t\t\t\t\t\t\t<span class=\"elementor-accordion-icon elementor-accordion-icon-left\" aria-hidden=\"true\">\n\t\t\t\t\t\t\t\t\t\t\t\t\t\t\t<span class=\"elementor-accordion-icon-closed\"><i class=\"fas fa-chevron-circle-down\"><\/i><\/span>\n\t\t\t\t\t\t\t\t<span class=\"elementor-accordion-icon-opened\"><i class=\"fas fa-minus-circle\"><\/i><\/span>\n\t\t\t\t\t\t\t\t\t\t\t\t\t\t<\/span>\n\t\t\t\t\t\t\t\t\t\t\t\t<a class=\"elementor-accordion-title\" tabindex=\"0\">Ehrenmal<\/a>\n\t\t\t\t\t<\/div>\n\t\t\t\t\t<div id=\"elementor-tab-content-9514\" class=\"elementor-tab-content elementor-clearfix\" data-tab=\"4\" role=\"region\" aria-labelledby=\"elementor-tab-title-9514\"><p><a href=\"http:\/\/heidenerstrasse.de\/wp-content\/uploads\/2020\/01\/Historische-Schrift-v.-Kreis-Borken-v.-1954-zum-Bildstock-v.-Heinrich-Weddeling-FOTO-1.pdf\">Historische Schrift v. Kreis Borken v. 1954 zum Bildstock v. Heinrich Weddeling FOTO<\/a><\/p><p><a href=\"http:\/\/heidenerstrasse.de\/wp-content\/uploads\/2020\/01\/Historische-Schrift-v.-Kreis-Borken-v.-1954-zum-Bildstock-v.-Heinrich-Weddeling.pdf\">Historische Schrift v. Kreis Borken v. 1954 zum Bildstock v. Heinrich Weddeling<\/a><\/p><p><a href=\"http:\/\/heidenerstrasse.de\/wp-content\/uploads\/2020\/01\/Historische-Schrift-v.-Kreis-Borken-v.-1954-zum-Bildstock-v.-Heinrich-Weddeling-FOTO.pdf\">Historische Schrift v. Kreis Borken v. 1954 zum Bildstock v. Heinrich Weddeling &#8211; FOTO<\/a><\/p><p><a href=\"http:\/\/heidenerstrasse.de\/wp-content\/uploads\/2020\/01\/Ansprache-am-Ehrenmal-zum-Nachbarschaftsfest-2019.pdf\">Ansprache am Ehrenmal zum Nachbarschaftsfest 2019<\/a><\/p><\/div>\n\t\t\t\t<\/div>\n\t\t\t\t\t\t\t<div class=\"elementor-accordion-item\">\n\t\t\t\t\t<div id=\"elementor-tab-title-9515\" class=\"elementor-tab-title\" data-tab=\"5\" role=\"button\" aria-controls=\"elementor-tab-content-9515\" aria-expanded=\"false\">\n\t\t\t\t\t\t\t\t\t\t\t\t\t<span class=\"elementor-accordion-icon elementor-accordion-icon-left\" aria-hidden=\"true\">\n\t\t\t\t\t\t\t\t\t\t\t\t\t\t\t<span class=\"elementor-accordion-icon-closed\"><i class=\"fas fa-chevron-circle-down\"><\/i><\/span>\n\t\t\t\t\t\t\t\t<span class=\"elementor-accordion-icon-opened\"><i class=\"fas fa-minus-circle\"><\/i><\/span>\n\t\t\t\t\t\t\t\t\t\t\t\t\t\t<\/span>\n\t\t\t\t\t\t\t\t\t\t\t\t<a class=\"elementor-accordion-title\" tabindex=\"0\">Nachbarschaftspost<\/a>\n\t\t\t\t\t<\/div>\n\t\t\t\t\t<div id=\"elementor-tab-content-9515\" class=\"elementor-tab-content elementor-clearfix\" data-tab=\"5\" role=\"region\" aria-labelledby=\"elementor-tab-title-9515\"><p><a href=\"http:\/\/heidenerstrasse.de\/wp-content\/uploads\/2021\/12\/NACHBARSCHAFTSPOST-DEZEMBER-2021.pdf\">Nachbarschaftspost Dezember 2021<\/a><\/p><p><a href=\"http:\/\/heidenerstrasse.de\/wp-content\/uploads\/2020\/12\/1120-Nachbarschafts-Post-L03.pdf\">Nachbarschaftspost Dezember 2020<\/a><\/p><p><a href=\"http:\/\/heidenerstrasse.de\/wp-content\/uploads\/2020\/03\/Nachbarschaftspost-Ma\u0308rz-2020-.pdf\">Nachbarschaftspost Ma\u0308rz 2020<\/a><\/p><p><a href=\"http:\/\/heidenerstrasse.de\/wp-content\/uploads\/2020\/02\/Nachbarschaftspost-September-2019.pdf\">Nachbarschaftspost September 2019<\/a><\/p><p><a href=\"http:\/\/heidenerstrasse.de\/wp-content\/uploads\/2020\/02\/Nachbarschaftspost-April-2019.pdf\">Nachbarschaftspost April 2019<\/a><\/p><p><a href=\"http:\/\/heidenerstrasse.de\/wp-content\/uploads\/2020\/02\/Nachbarschaftspost-Dezember-2017.pdf\">Nachbarschaftspost Dezember 2017<\/a><\/p><p><a href=\"http:\/\/heidenerstrasse.de\/wp-content\/uploads\/2020\/02\/Nachbarschaftspost-August-2017.pdf\">Nachbarschaftspost August 2017<\/a><\/p><p><a href=\"http:\/\/heidenerstrasse.de\/wp-content\/uploads\/2020\/02\/Nachbarschaftspost-M\u00e4rz-2017.pdf\">Nachbarschaftspost M\u00e4rz 2017<\/a><\/p><p><a href=\"http:\/\/heidenerstrasse.de\/wp-content\/uploads\/2020\/02\/Nachbarschaftspost-Dezember-2016.pdf\">Nachbarschaftspost Dezember 2016<\/a><\/p><\/div>\n\t\t\t\t<\/div>\n\t\t\t\t\t\t\t<div class=\"elementor-accordion-item\">\n\t\t\t\t\t<div id=\"elementor-tab-title-9516\" class=\"elementor-tab-title\" data-tab=\"6\" role=\"button\" aria-controls=\"elementor-tab-content-9516\" aria-expanded=\"false\">\n\t\t\t\t\t\t\t\t\t\t\t\t\t<span class=\"elementor-accordion-icon elementor-accordion-icon-left\" aria-hidden=\"true\">\n\t\t\t\t\t\t\t\t\t\t\t\t\t\t\t<span class=\"elementor-accordion-icon-closed\"><i class=\"fas fa-chevron-circle-down\"><\/i><\/span>\n\t\t\t\t\t\t\t\t<span class=\"elementor-accordion-icon-opened\"><i class=\"fas fa-minus-circle\"><\/i><\/span>\n\t\t\t\t\t\t\t\t\t\t\t\t\t\t<\/span>\n\t\t\t\t\t\t\t\t\t\t\t\t<a class=\"elementor-accordion-title\" tabindex=\"0\">JHV<\/a>\n\t\t\t\t\t<\/div>\n\t\t\t\t\t<div id=\"elementor-tab-content-9516\" class=\"elementor-tab-content elementor-clearfix\" data-tab=\"6\" role=\"region\" aria-labelledby=\"elementor-tab-title-9516\"><p><a href=\"http:\/\/heidenerstrasse.de\/wp-content\/uploads\/2021\/08\/Einladung-Nachbarschaftsversammlung-2020-am-24.09.2021.pdf\">Einladung Nachbarschaftsversammlung 2020 am 24.09.2021<\/a><\/p><\/div>\n\t\t\t\t<\/div>\n\t\t\t\t\t\t\t<div class=\"elementor-accordion-item\">\n\t\t\t\t\t<div id=\"elementor-tab-title-9517\" class=\"elementor-tab-title\" data-tab=\"7\" role=\"button\" aria-controls=\"elementor-tab-content-9517\" aria-expanded=\"false\">\n\t\t\t\t\t\t\t\t\t\t\t\t\t<span class=\"elementor-accordion-icon elementor-accordion-icon-left\" aria-hidden=\"true\">\n\t\t\t\t\t\t\t\t\t\t\t\t\t\t\t<span class=\"elementor-accordion-icon-closed\"><i class=\"fas fa-chevron-circle-down\"><\/i><\/span>\n\t\t\t\t\t\t\t\t<span class=\"elementor-accordion-icon-opened\"><i class=\"fas fa-minus-circle\"><\/i><\/span>\n\t\t\t\t\t\t\t\t\t\t\t\t\t\t<\/span>\n\t\t\t\t\t\t\t\t\t\t\t\t<a class=\"elementor-accordion-title\" tabindex=\"0\">IG Verkehr<\/a>\n\t\t\t\t\t<\/div>\n\t\t\t\t\t<div id=\"elementor-tab-content-9517\" class=\"elementor-tab-content elementor-clearfix\" data-tab=\"7\" role=\"region\" aria-labelledby=\"elementor-tab-title-9517\"><p><a href=\"http:\/\/heidenerstrasse.de\/wp-content\/uploads\/2021\/08\/infobrief_IG_Verkehr_final.pdf\">Infobrief IG Verkehr<\/a><\/p><p><a href=\"http:\/\/heidenerstrasse.de\/wp-content\/uploads\/2021\/11\/Konzept-IG-Verkehr.pdf\">Konzept IG Verkehr<\/a><\/p><p><a href=\"http:\/\/heidenerstrasse.de\/wp-content\/uploads\/2021\/11\/Praesentation-Anliegerversammlung-27.09.2021.pdf\">Pr\u00e4sentation Anliegerversammlung &#8211; 27.09.2021<\/a><\/p><p><a href=\"http:\/\/heidenerstrasse.de\/wp-content\/uploads\/2021\/11\/Protokoll-Anliegerversammlung-25.10.2021.pdf\">Protokoll Anliegerversammlung 25.10.2021<\/a><\/p><p><a href=\"http:\/\/heidenerstrasse.de\/wp-content\/uploads\/2021\/11\/Antwortschreiben-Protokoll-Anliegerversammlung-25.10.2021-2.pdf\">Antwortschreiben Protokoll Anliegerversammlung &#8211; 25.10.2021<\/a><\/p><\/div>\n\t\t\t\t<\/div>\n\t\t\t\t\t\t\t<div class=\"elementor-accordion-item\">\n\t\t\t\t\t<div id=\"elementor-tab-title-9518\" class=\"elementor-tab-title\" data-tab=\"8\" role=\"button\" aria-controls=\"elementor-tab-content-9518\" aria-expanded=\"false\">\n\t\t\t\t\t\t\t\t\t\t\t\t\t<span class=\"elementor-accordion-icon elementor-accordion-icon-left\" aria-hidden=\"true\">\n\t\t\t\t\t\t\t\t\t\t\t\t\t\t\t<span class=\"elementor-accordion-icon-closed\"><i class=\"fas fa-chevron-circle-down\"><\/i><\/span>\n\t\t\t\t\t\t\t\t<span class=\"elementor-accordion-icon-opened\"><i class=\"fas fa-minus-circle\"><\/i><\/span>\n\t\t\t\t\t\t\t\t\t\t\t\t\t\t<\/span>\n\t\t\t\t\t\t\t\t\t\t\t\t<a class=\"elementor-accordion-title\" tabindex=\"0\">Brief an die B\u00fcrgermeisterin<\/a>\n\t\t\t\t\t<\/div>\n\t\t\t\t\t<div id=\"elementor-tab-content-9518\" class=\"elementor-tab-content elementor-clearfix\" data-tab=\"8\" role=\"region\" aria-labelledby=\"elementor-tab-title-9518\"><p><a href=\"http:\/\/heidenerstrasse.de\/wp-content\/uploads\/2020\/08\/Brief-Buergermeisterin-NACHBARSCHAFT-GERAeT-UNTER-DIE-RAeDER-Aug-2020.pdf\">Brief B\u00fcrgermeisterin NACHBARSCHAFT GER\u00c4T UNTER DIE R\u00c4DER Aug 2020<\/a><\/p><\/div>\n\t\t\t\t<\/div>\n\t\t\t\t\t\t\t<div class=\"elementor-accordion-item\">\n\t\t\t\t\t<div id=\"elementor-tab-title-9519\" class=\"elementor-tab-title\" data-tab=\"9\" role=\"button\" aria-controls=\"elementor-tab-content-9519\" aria-expanded=\"false\">\n\t\t\t\t\t\t\t\t\t\t\t\t\t<span class=\"elementor-accordion-icon elementor-accordion-icon-left\" aria-hidden=\"true\">\n\t\t\t\t\t\t\t\t\t\t\t\t\t\t\t<span class=\"elementor-accordion-icon-closed\"><i class=\"fas fa-chevron-circle-down\"><\/i><\/span>\n\t\t\t\t\t\t\t\t<span class=\"elementor-accordion-icon-opened\"><i class=\"fas fa-minus-circle\"><\/i><\/span>\n\t\t\t\t\t\t\t\t\t\t\t\t\t\t<\/span>\n\t\t\t\t\t\t\t\t\t\t\t\t<a class=\"elementor-accordion-title\" tabindex=\"0\">Heimatpreis 2020<\/a>\n\t\t\t\t\t<\/div>\n\t\t\t\t\t<div id=\"elementor-tab-content-9519\" class=\"elementor-tab-content elementor-clearfix\" data-tab=\"9\" role=\"region\" aria-labelledby=\"elementor-tab-title-9519\"><p><a href=\"http:\/\/heidenerstrasse.de\/wp-content\/uploads\/2021\/02\/Brief-Kreis-Borken-Landrat-Heimatpreis-2020-v.-10.12.2020_000024.pdf\">Brief Landrat Dr. K. Zwicker zum Heimatpreis 2020<\/a><\/p><p><img fetchpriority=\"high\" decoding=\"async\" class=\"alignnone size-medium wp-image-6606\" src=\"http:\/\/heidenerstrasse.de\/wp-content\/uploads\/2021\/02\/Anerkennungsurkunde-Heimat-Preis-212x300.jpg\" alt=\"\" width=\"212\" height=\"300\" srcset=\"https:\/\/heidenerstrasse.de\/wp-content\/uploads\/2021\/02\/Anerkennungsurkunde-Heimat-Preis-212x300.jpg 212w, https:\/\/heidenerstrasse.de\/wp-content\/uploads\/2021\/02\/Anerkennungsurkunde-Heimat-Preis.jpg 631w\" sizes=\"(max-width: 212px) 100vw, 212px\" \/><\/p><\/div>\n\t\t\t\t<\/div>\n\t\t\t\t\t\t\t<div class=\"elementor-accordion-item\">\n\t\t\t\t\t<div id=\"elementor-tab-title-95110\" class=\"elementor-tab-title\" data-tab=\"10\" role=\"button\" aria-controls=\"elementor-tab-content-95110\" aria-expanded=\"false\">\n\t\t\t\t\t\t\t\t\t\t\t\t\t<span class=\"elementor-accordion-icon elementor-accordion-icon-left\" aria-hidden=\"true\">\n\t\t\t\t\t\t\t\t\t\t\t\t\t\t\t<span class=\"elementor-accordion-icon-closed\"><i class=\"fas fa-chevron-circle-down\"><\/i><\/span>\n\t\t\t\t\t\t\t\t<span class=\"elementor-accordion-icon-opened\"><i class=\"fas fa-minus-circle\"><\/i><\/span>\n\t\t\t\t\t\t\t\t\t\t\t\t\t\t<\/span>\n\t\t\t\t\t\t\t\t\t\t\t\t<a class=\"elementor-accordion-title\" tabindex=\"0\">Videos Nikolausumzug 2021<\/a>\n\t\t\t\t\t<\/div>\n\t\t\t\t\t<div id=\"elementor-tab-content-95110\" class=\"elementor-tab-content elementor-clearfix\" data-tab=\"10\" role=\"region\" aria-labelledby=\"elementor-tab-title-95110\"><div style=\"width: 426px;\" class=\"wp-video\"><video class=\"wp-video-shortcode\" id=\"video-5799-1\" width=\"426\" height=\"240\" preload=\"metadata\" controls=\"controls\"><source type=\"video\/mp4\" src=\"http:\/\/heidenerstrasse.de\/wp-content\/uploads\/2021\/12\/87.mp4?_=1\" \/><a href=\"http:\/\/heidenerstrasse.de\/wp-content\/uploads\/2021\/12\/87.mp4\">http:\/\/heidenerstrasse.de\/wp-content\/uploads\/2021\/12\/87.mp4<\/a><\/video><\/div><div style=\"width: 426px;\" class=\"wp-video\"><video class=\"wp-video-shortcode\" id=\"video-5799-2\" width=\"426\" height=\"240\" preload=\"metadata\" controls=\"controls\"><source type=\"video\/mp4\" src=\"http:\/\/heidenerstrasse.de\/wp-content\/uploads\/2021\/12\/88.mp4?_=2\" \/><a href=\"http:\/\/heidenerstrasse.de\/wp-content\/uploads\/2021\/12\/88.mp4\">http:\/\/heidenerstrasse.de\/wp-content\/uploads\/2021\/12\/88.mp4<\/a><\/video><\/div><p>\u00a0<\/p><\/div>\n\t\t\t\t<\/div>\n\t\t\t\t\t\t\t\t<\/div>\n\t\t\t\t\t\t<\/div>\n\t\t\t\t<\/div>\n\t\t\t\t\t<\/div>\n\t\t<\/div>\n\t\t\t\t\t<\/div>\n\t\t<\/section>\n\t\t\t\t<\/div>\n\t\t","protected":false},"excerpt":{"rendered":"<p>Hier sind neben der Nachbarschaftspost auch viele interessante Dokumente zum Lesen, St\u00f6bern, Download hinterlegt. (Einfach drauf klicken und es \u00f6ffnet sich das Dokument) Gesch\u00e4ftsordnung &#038;Satzung Gesch\u00e4ftsordnung Satzung Datenschutz Mitgliedsantrag &#038; [&hellip;]<\/p>\n","protected":false},"author":3,"featured_media":0,"parent":0,"menu_order":4,"comment_status":"closed","ping_status":"closed","template":"","meta":{"footnotes":"","_links_to":"","_links_to_target":""},"class_list":["post-5799","page","type-page","status-publish","hentry"],"_links":{"self":[{"href":"https:\/\/heidenerstrasse.de\/index.php?rest_route=\/wp\/v2\/pages\/5799","targetHints":{"allow":["GET"]}}],"collection":[{"href":"https:\/\/heidenerstrasse.de\/index.php?rest_route=\/wp\/v2\/pages"}],"about":[{"href":"https:\/\/heidenerstrasse.de\/index.php?rest_route=\/wp\/v2\/types\/page"}],"author":[{"embeddable":true,"href":"https:\/\/heidenerstrasse.de\/index.php?rest_route=\/wp\/v2\/users\/3"}],"replies":[{"embeddable":true,"href":"https:\/\/heidenerstrasse.de\/index.php?rest_route=%2Fwp%2Fv2%2Fcomments&post=5799"}],"version-history":[{"count":77,"href":"https:\/\/heidenerstrasse.de\/index.php?rest_route=\/wp\/v2\/pages\/5799\/revisions"}],"predecessor-version":[{"id":8107,"href":"https:\/\/heidenerstrasse.de\/index.php?rest_route=\/wp\/v2\/pages\/5799\/revisions\/8107"}],"wp:attachment":[{"href":"https:\/\/heidenerstrasse.de\/index.php?rest_route=%2Fwp%2Fv2%2Fmedia&parent=5799"}],"curies":[{"name":"wp","href":"https:\/\/api.w.org\/{rel}","templated":true}]}}