{"id":482,"date":"2019-12-26T20:00:40","date_gmt":"2019-12-26T20:00:40","guid":{"rendered":"http:\/\/heidenerstrasse.de\/?page_id=482"},"modified":"2020-10-26T12:30:20","modified_gmt":"2020-10-26T12:30:20","slug":"elementor-482","status":"publish","type":"page","link":"https:\/\/heidenerstrasse.de\/?page_id=482","title":{"rendered":"Geschichte"},"content":{"rendered":"\t\t<div data-elementor-type=\"wp-page\" data-elementor-id=\"482\" class=\"elementor elementor-482\">\n\t\t\t\t\t\t<section class=\"elementor-section elementor-top-section elementor-element elementor-element-75df9c2b elementor-section-content-middle elementor-section-boxed elementor-section-height-default elementor-section-height-default\" data-id=\"75df9c2b\" data-element_type=\"section\" data-e-type=\"section\">\n\t\t\t\t\t\t<div class=\"elementor-container elementor-column-gap-no\">\n\t\t\t\t\t<div class=\"elementor-column elementor-col-100 elementor-top-column elementor-element elementor-element-5c9bb1c1\" data-id=\"5c9bb1c1\" data-element_type=\"column\" data-e-type=\"column\">\n\t\t\t<div class=\"elementor-widget-wrap elementor-element-populated\">\n\t\t\t\t\t\t<div class=\"elementor-element elementor-element-6ad5ffe2 elementor-widget elementor-widget-heading\" data-id=\"6ad5ffe2\" data-element_type=\"widget\" data-e-type=\"widget\" data-widget_type=\"heading.default\">\n\t\t\t\t<div class=\"elementor-widget-container\">\n\t\t\t\t\t<h4 class=\"elementor-heading-title elementor-size-default\">Chronik der Nachbarschaft<\/h4>\t\t\t\t<\/div>\n\t\t\t\t<\/div>\n\t\t\t\t<div class=\"elementor-element elementor-element-e3128af elementor-widget elementor-widget-text-editor\" data-id=\"e3128af\" data-element_type=\"widget\" data-e-type=\"widget\" data-widget_type=\"text-editor.default\">\n\t\t\t\t<div class=\"elementor-widget-container\">\n\t\t\t\t\t\t\t\t\t<p class=\"MsoNoSpacing\"><span style=\"font-size: inherit; text-align: inherit; letter-spacing: -0.015em;\">Leider liegt \u00fcber die Gr\u00fcndung der Nachbarschaft kein Protokoll vor,<\/span><\/p><p class=\"MsoNoSpacing\">da s\u00e4mtliche Unterlagen bei der furchtbaren Zerst\u00f6rung der Stadt<\/p><p class=\"MsoNoSpacing\">Borken im 2. Weltkrieg im M\u00e4rz 1945 ein Raub der Flammen wurden.<\/p><p class=\"MsoNoSpacing\">Den Berichten nach steht jedoch fest, dass unsere Nachbarschaft<\/p><p class=\"MsoNoSpacing\">Im Jahr 1900 schon bestanden hat.<\/p><p class=\"MsoNoSpacing\">Die \u00e4ltesten H\u00e4user in der Nachbarschaft waren:<\/p><p class=\"MsoNoSpacing\">Hellmann, Hetkamp, A. Heisterkamp, Corzillius, Steenmeyer, Wolter, Bauer Bu\u00dfk\u00f6nning und Stork.<\/p><p class=\"MsoNoSpacing\">Die Nachbarschaftsfeste wurden immer um St. Johanni abwechselnd<\/p><p class=\"MsoNoSpacing\">bei Lechtenberg-Stork, jedoch meistens in der Scheune von Bauer<\/p><p class=\"MsoNoSpacing\">Bu\u00dfk\u00f6nning gefeiert.<\/p><p class=\"MsoNoSpacing\">Das erste Protokoll nach den Kriegen stammt vom 09.06.1951.<\/p><p class=\"MsoNoSpacing\">In diesem Protokoll wurden die Grenzen der Nachbarschaft beschrieben<\/p><p class=\"MsoNoSpacing\">sowie \u00a711 als Satzung der Nachbarschaft benannt.<\/p><p class=\"MsoNoSpacing\">Der damalige Gildenherr war Anton Niessing und Protokollf\u00fchrer war<\/p><p class=\"MsoNoSpacing\">Hermann Roers. 1951 z\u00e4hlte die Nachbarschaft 94 Mitglieder.<\/p><p class=\"MsoNoSpacing\">Das erste K\u00f6nigspaar nach den Kriegen: Heini Wansing und Ursel Dicker.<\/p><p><strong>Juni 1956<\/strong><\/p><p class=\"MsoNoSpacing\">Gildenherr: Alois Heisterkamp<\/p><p class=\"MsoNoSpacing\">Protokollf\u00fchrer: Bernd Roers.<\/p><p class=\"MsoNoSpacing\"><strong>Mai 1961<\/strong><\/p><p class=\"MsoNoSpacing\">Gildenherr: Josef Bussmann<\/p><p class=\"MsoNoSpacing\">Protokollf\u00fchrer: Bernhard Bu\u00dfk\u00f6nning (Maler)<\/p><p class=\"MsoNoSpacing\"><strong>Mai 1966<\/strong><\/p><p class=\"MsoNoSpacing\">Gildenherr: Heinrich Heisterkamp<\/p><p class=\"MsoNoSpacing\">Protokollf\u00fchrer: Gerhard Schroer<\/p><p class=\"MsoNoSpacing\"><strong>Juni 1968<\/strong><\/p><p class=\"MsoNoSpacing\">Der traditionelle Mittelpunkt der Nachbarschaft, das Ehrenmal, wurde \u00fcberarbeitet<\/p><p class=\"MsoNoSpacing\"><strong>Mai 1971<\/strong><\/p><p class=\"MsoNoSpacing\">Gildenherr: Martin Klaus<\/p><p class=\"MsoNoSpacing\"><strong>Juni 1974<\/strong><\/p><p class=\"MsoNoSpacing\">1. Feier des Nachbarschafts-\/Sch\u00fctzenfestes in einem Festzelt<\/p><p class=\"MsoNoSpacing\"><strong>Juni 1976<\/strong><\/p><p class=\"MsoNoSpacing\">Jubelfest: 75 j\u00e4hriges Bestehen der Nachbarschaft<\/p><p class=\"MsoNoSpacing\">K\u00f6nigspaar zum Jubelfest Rudi Rickert und Mathilde Wansing.<\/p><p class=\"MsoNoSpacing\"><strong>November 1976<\/strong><\/p><p class=\"MsoNoSpacing\">Die Statuten der Nachbarschaft wurden \u00fcberarbeitet<\/p><p class=\"MsoNoSpacing\"><strong>Juni 1987<\/strong><\/p><p class=\"MsoNoSpacing\">Wiederaufstellung des Ehrenmals nach \u00dcberarbeitung<\/p><p><strong>November 1991<\/strong><\/p><p class=\"MsoNoSpacing\">Die Statuten der Nachbarschaft wurden erneut \u00fcberarbeitet.<\/p><p class=\"MsoNoSpacing\"><strong>November 2000<\/strong><\/p><p class=\"MsoNoSpacing\">Eintragung der Nachbarschaft Heidener Stra\u00dfe \/ Bu\u00dfk\u00f6nning-Hook e.V. in das<\/p><p class=\"MsoNoSpacing\">Vereinsregister einschlie\u00dflich entsprechender Anpassung der Satzung.<\/p><p><strong>April 2001<\/strong><\/p><p class=\"MsoNoSpacing\">Anmeldung des gesch\u00e4ftsf\u00fchrenden Vorstands beim Vereinsregister des Amtsgerichts Borken<\/p><p class=\"MsoNoSpacing\"><strong>Juni 2001<\/strong><\/p><p class=\"MsoNoSpacing\">100 j\u00e4hriges Bestehen der Nachbarschaft<\/p><p class=\"MsoNoSpacing\">H\u00f6hepunkt des Festes war der Besuch der Trachtenkapelle Oberwolfach\/Schwarzwald.<\/p><p class=\"MsoNoSpacing\">Damaliges K\u00f6nigspaar Martin Lefering und Heidi Schmieder, neues K\u00f6nigspaar<\/p><p class=\"MsoNoSpacing\">Karl-Heinz Stegger und Rita Mokosch<\/p><p class=\"MsoNoSpacing\"><strong>Mai 2002<\/strong><\/p><p>K\u00f6nigspaar: Thomas Bach und Sabine Rawert<\/p><p>Kinderk\u00f6nigspaar: Kai- Uwe Wiwalski und Britta Rehmann<\/p><p class=\"MsoNoSpacing\"><strong>November 2002<\/strong><\/p><p class=\"MsoNoSpacing\">\u00a0 Gildenherr: Alfons Bu\u00dfk\u00f6nning<\/p><p class=\"MsoNoSpacing\">Schriftf\u00fchrer: Christof Schmiechen<\/p><p><strong>Juni 2003<\/strong><\/p><p>K\u00f6nigspaar: J\u00fcrgen Riekert und Martina Rehmann<\/p><p>Kinderk\u00f6nigspaar: Christoph Wenk und Julia Bu\u00dfk\u00f6nning<\/p><p><strong>Mai 2004<\/strong><\/p><p>K\u00f6nigspaar: Charly Olbing und Doris Reukes<\/p><p>Kinderk\u00f6nigspaae: Fabian W\u00f6lfel und Melanie Seyer<\/p><p class=\"MsoNoSpacing\"><strong>November 2004<\/strong><\/p><p class=\"MsoNoSpacing\">Satzungs\u00e4nderungen und neue Festlegung der Nachbarschaftsgrenzen<\/p><p><strong>Mai 2005<\/strong><\/p><p>K\u00f6nigspaar: Alfred Buiting und Giesela Klaus<\/p><p>Kinderk\u00f6nigspaar: Tom Kruse und Hannah Bu\u00dfk\u00f6nning<\/p><p><strong>Juni 2006<\/strong><\/p><p>K\u00f6nigspaar: Bernd Robering und Gaby Fechler<\/p><p>Kinderk\u00f6nigspaar: Wim Kruse und J\u00f6rdis Nuyken<\/p><p><strong>Mai 2007<\/strong><\/p><p>K\u00f6nigspaar: Josef Kass und Gabi D\u00f6nnebrink<\/p><p>Kinderk\u00f6nigspaar: Jaqueline Heddier und Fabian Bu\u00dfk\u00f6nning<\/p><p><strong>Mai 2008<\/strong><\/p><p>K\u00f6nigspaar: Thomas Bu\u00dfk\u00f6nning und Sabine Wagener<\/p><p>Kinderk\u00f6nigspaar: Lukas Hochstein und Lucy Funke<\/p><p><strong>Mai 2009<\/strong><\/p><p>K\u00f6nigspaar: Roger Est und Birgit Robering<\/p><p>Kinderk\u00f6nigspaar: Dennis Robering und Lisa Hellenkamp<\/p><p><strong>Mai 2010<\/strong><\/p><p>K\u00f6nigspaar: G\u00fcnter D\u00f6nnebrink und Marie- Luise Bu\u00dfk\u00f6nning<\/p><p>Kinderk\u00f6nigspaar: Antonia Windbrake und Simon Windbrake<\/p><p><strong>Mai 2011<\/strong><\/p><p>K\u00f6nigspaar: Daniel Mokosch und Julia Bu\u00dfk\u00f6nning<\/p><p>Kinderk\u00f6nigspaar: Vanessa Kr\u00fcger und Tim Robering<\/p><p class=\"MsoNoSpacing\"><strong>Mai 2012<\/strong><\/p><p class=\"MsoNoSpacing\">Conny Stegger ist unser 1. weibliche K\u00f6nigin, ihr zur Seite steht Klaus Schmieder.<\/p><p>Kinderk\u00f6nigspaar: Nicolai Bolger und Felicitas Hanting<\/p><p class=\"MsoNoSpacing\"><strong>November 2012<\/strong><\/p><p class=\"MsoNoSpacing\">Gildenherr: Josef Kass<\/p><p class=\"MsoNoSpacing\"><strong>Mai 2013<\/strong><\/p><p class=\"MsoNoSpacing\">K\u00f6nigspaar: Michael Hellenkamp und Martina Seyer<\/p><p>Kinderk\u00f6nigspaar: Jan Kram und Julia Bu\u00dfk\u00f6nning<\/p><p class=\"MsoNoSpacing\"><strong>Juli 2013<\/strong><\/p><p class=\"MsoNoSpacing\">1. Motorradtour mit insgesamt 27 begeisterten Bikern<\/p><p class=\"MsoNoSpacing\"><strong>Mai 2014<\/strong><\/p><p class=\"MsoNoSpacing\">K\u00f6nigspaar: Georg Stegger und Erika Bu\u00dfmann<\/p><p>Kinderk\u00f6nigspaar: Gerrit Hanke und Antonia Windbrake<\/p><p class=\"MsoNoSpacing\"><strong>Mai 2015<\/strong><\/p><p class=\"MsoNoSpacing\">K\u00f6nigspaar: Gaby Schmiechen und Helmut Go\u00dfling<\/p><p>Kinderk\u00f6nigspaar: Fabian Boljahn und Nina Boljahn<\/p><p class=\"MsoNoSpacing\"><strong>Juni 2016<\/strong><\/p><p class=\"MsoNoSpacing\">K\u00f6nigspaar: Norbert Reukes und Elisabeth Go\u00dfling<\/p><p>Kinderk\u00f6nigspaar: Leon Wagener und Nelly Hagen<\/p><div><strong>November 2016<\/strong><\/div><div>Gildenherr: Norbert Reukes<\/div><p class=\"MsoNoSpacing\">Schriftf\u00fchrer: Ludwig Bu\u00dfk\u00f6nning<\/p><p class=\"MsoNoSpacing\"><strong>Januar 2017<\/strong><\/p><p class=\"MsoNoSpacing\">Unter dem Motto \u201eNACHBARSCHAFT (ER-)LEBEN\u201c wurde vom neuen Vorstand ein neues Veranstaltungskonzept entwickelt.<\/p><p class=\"MsoNoSpacing\"><strong>Mai 2017<\/strong><\/p><p class=\"MsoNoSpacing\">K\u00f6nigspaar: Martin Lefering und Susanne Schlagheck<\/p><p>Kinderk\u00f6nigspaar: Matthis Siemen und Julia Ottich<\/p><p class=\"MsoNoSpacing\"><strong>Januar 2018<\/strong><\/p><p class=\"MsoNoSpacing\">Unsere Nachbarschaftsfahne mitsamt Fahnenkasten erh\u00e4lt einen neuen Standort im<\/p><p class=\"MsoNoSpacing\"><a href=\"http:\/\/www.wansing.de\" target=\"_blank\" rel=\"noopener\">Caf\u00e9 Wansing<\/a><\/p><p class=\"MsoNoSpacing\">Mai 2018<\/p><p class=\"MsoNoSpacing\">K\u00f6nigspaar: Heidi Theben und Tim Bu\u00dfmann<\/p><p><strong>Mai 2018<\/strong><\/p><p>K\u00f6nigspaar: Heidi Theben und Tim Bu\u00dfmann<\/p><p>Kinderk\u00f6nigspaar: Chiara Wagener und Kevin Gieswinkel<\/p><p class=\"MsoNoSpacing\"><strong>Juni 2018<\/strong><\/p><p class=\"MsoNoSpacing\">Restaurierung des Ehrenmals<\/p><p class=\"MsoNoSpacing\"><strong>November 2018<\/strong><\/p><p class=\"MsoNoSpacing\">Gesch\u00e4ftsf\u00fchrer: Charly Olbing<\/p><p class=\"MsoNoSpacing\">Hauptkassierer: Bernd Robering<\/p><p class=\"MsoNoSpacing\"><strong>April 2019<\/strong><\/p><p class=\"MsoNoSpacing\">G\u00e4rtnerische Neugestaltung rund um\u00b4s Ehrenmal<\/p><p class=\"MsoNoSpacing\"><strong>Mai 2019<\/strong><\/p><p class=\"MsoNoSpacing\">Einweihung des neuen Ehrenmals durch Propst Rensing und B\u00fcrgermeisterin<\/p><p class=\"MsoNoSpacing\">Mechtild Schulze Hessing mit anschlie\u00dfendem Nachbarschaftsfest.<\/p><p class=\"MsoNoSpacing\">K\u00f6nigspaar: Martina Seyer und Michael Hellenkamp<\/p><p>Kinderk\u00f6nigspaar: Julia Ottich und Malou Voss<\/p><p class=\"MsoNoSpacing\"><strong>November 2019<\/strong><\/p><p class=\"MsoNoSpacing\">Auf der Jahreshauptversammlung stellt der Vorstand das Konzept &#8222;Junge Leute braucht der Hook&#8220; vor.<\/p><p class=\"MsoNoSpacing\"><strong>Mai 2020<\/strong><\/p><p class=\"MsoNoSpacing\">Leider muss das Nachbarschaftsfest aufgrund der weltweiten Corona-Pandemie abgesagt werden.<\/p><p class=\"MsoNoSpacing\">Weiterhin amtiert das K\u00f6nigspaar: Martina Seyer und Michael Hellenkamp<\/p><p class=\"MsoNoSpacing\">\u00a0<\/p>\t\t\t\t\t\t\t\t<\/div>\n\t\t\t\t<\/div>\n\t\t\t\t<div class=\"elementor-element elementor-element-25e3c99 elementor-align-center elementor-widget elementor-widget-button\" data-id=\"25e3c99\" data-element_type=\"widget\" data-e-type=\"widget\" data-widget_type=\"button.default\">\n\t\t\t\t<div class=\"elementor-widget-container\">\n\t\t\t\t\t\t\t\t\t<div class=\"elementor-button-wrapper\">\n\t\t\t\t\t<a class=\"elementor-button elementor-button-link elementor-size-sm\" href=\"\/wp-content\/uploads\/2020\/01\/Ansprache-am-Ehrenmal-zum-Nachbarschaftsfest-2019.pdf\">\n\t\t\t\t\t\t<span class=\"elementor-button-content-wrapper\">\n\t\t\t\t\t\t<span class=\"elementor-button-icon\">\n\t\t\t\t<i aria-hidden=\"true\" class=\"far fa-arrow-alt-circle-right\"><\/i>\t\t\t<\/span>\n\t\t\t\t\t\t\t\t\t<span class=\"elementor-button-text\">Ansprache Gildeherr anl\u00e4sslich Wiedereinweihung Ehrenmal 2019<\/span>\n\t\t\t\t\t<\/span>\n\t\t\t\t\t<\/a>\n\t\t\t\t<\/div>\n\t\t\t\t\t\t\t\t<\/div>\n\t\t\t\t<\/div>\n\t\t\t\t\t<\/div>\n\t\t<\/div>\n\t\t\t\t\t<\/div>\n\t\t<\/section>\n\t\t\t\t<\/div>\n\t\t","protected":false},"excerpt":{"rendered":"<p>Chronik der Nachbarschaft Leider liegt \u00fcber die Gr\u00fcndung der Nachbarschaft kein Protokoll vor, da s\u00e4mtliche Unterlagen bei der furchtbaren Zerst\u00f6rung der Stadt Borken im 2. Weltkrieg im M\u00e4rz 1945 ein [&hellip;]<\/p>\n","protected":false},"author":1,"featured_media":0,"parent":0,"menu_order":5,"comment_status":"closed","ping_status":"closed","template":"elementor_header_footer","meta":{"footnotes":"","_links_to":"","_links_to_target":""},"class_list":["post-482","page","type-page","status-publish","hentry"],"_links":{"self":[{"href":"https:\/\/heidenerstrasse.de\/index.php?rest_route=\/wp\/v2\/pages\/482","targetHints":{"allow":["GET"]}}],"collection":[{"href":"https:\/\/heidenerstrasse.de\/index.php?rest_route=\/wp\/v2\/pages"}],"about":[{"href":"https:\/\/heidenerstrasse.de\/index.php?rest_route=\/wp\/v2\/types\/page"}],"author":[{"embeddable":true,"href":"https:\/\/heidenerstrasse.de\/index.php?rest_route=\/wp\/v2\/users\/1"}],"replies":[{"embeddable":true,"href":"https:\/\/heidenerstrasse.de\/index.php?rest_route=%2Fwp%2Fv2%2Fcomments&post=482"}],"version-history":[{"count":21,"href":"https:\/\/heidenerstrasse.de\/index.php?rest_route=\/wp\/v2\/pages\/482\/revisions"}],"predecessor-version":[{"id":6451,"href":"https:\/\/heidenerstrasse.de\/index.php?rest_route=\/wp\/v2\/pages\/482\/revisions\/6451"}],"wp:attachment":[{"href":"https:\/\/heidenerstrasse.de\/index.php?rest_route=%2Fwp%2Fv2%2Fmedia&parent=482"}],"curies":[{"name":"wp","href":"https:\/\/api.w.org\/{rel}","templated":true}]}}